{"id":1721,"date":"2023-06-20T13:08:23","date_gmt":"2023-06-20T13:08:23","guid":{"rendered":"https:\/\/trabzonarsev.com\/blog\/"},"modified":"2023-06-25T16:28:50","modified_gmt":"2023-06-25T16:28:50","slug":"blog","status":"publish","type":"page","link":"https:\/\/trabzonarsev.com\/en\/blog\/","title":{"rendered":"Blog"},"content":{"rendered":"\t\t<div data-elementor-type=\"wp-page\" data-elementor-id=\"1721\" class=\"elementor elementor-1721 elementor-1512\">\n\t\t\t\t\t\t<section class=\"elementor-section elementor-top-section elementor-element elementor-element-64988ee6 elementor-section-boxed elementor-section-height-default elementor-section-height-default\" data-id=\"64988ee6\" data-element_type=\"section\" data-e-type=\"section\" data-settings=\"{&quot;background_background&quot;:&quot;classic&quot;}\">\n\t\t\t\t\t\t<div class=\"elementor-container elementor-column-gap-default\">\n\t\t\t\t\t<div class=\"elementor-column elementor-col-100 elementor-top-column elementor-element elementor-element-50a9e339\" data-id=\"50a9e339\" data-element_type=\"column\" data-e-type=\"column\">\n\t\t\t<div class=\"elementor-widget-wrap elementor-element-populated\">\n\t\t\t\t\t\t<section class=\"elementor-section elementor-inner-section elementor-element elementor-element-3cee687e elementor-section-boxed elementor-section-height-default elementor-section-height-default\" data-id=\"3cee687e\" data-element_type=\"section\" data-e-type=\"section\">\n\t\t\t\t\t\t<div class=\"elementor-container elementor-column-gap-default\">\n\t\t\t\t\t<div class=\"elementor-column elementor-col-100 elementor-inner-column elementor-element elementor-element-6bb8dff\" data-id=\"6bb8dff\" data-element_type=\"column\" data-e-type=\"column\">\n\t\t\t<div class=\"elementor-widget-wrap\">\n\t\t\t\t\t\t\t<\/div>\n\t\t<\/div>\n\t\t\t\t\t<\/div>\n\t\t<\/section>\n\t\t\t\t<div class=\"elementor-element elementor-element-3476d173 elementor-widget elementor-widget-ld_blog\" data-id=\"3476d173\" data-element_type=\"widget\" data-e-type=\"widget\" data-widget_type=\"ld_blog.default\">\n\t\t\t\t<div class=\"elementor-widget-container\">\n\t\t\t\t\t<div class=\"lqd-lp-grid 3476d173 blog-id-880202099 \"><div class=\"lqd-lp-row row pos-rel d-flex flex-wrap\" ><\/div><!--\/ .row --><div class=\"liquid-pf-nav ld-pf-nav-ajax\"><div class=\"page-nav text-center\"><nav aria-label=\"Page navigation\"><a href=\"https:\/\/trabzonarsev.com\/en\/wp-json\/wp\/v2\/pages\/1721\/page\/2\/?ajaxify=1\" rel=\"nofollow\" data-ajaxify=\"true\" data-ajaxify-options=\"{&quot;wrapper&quot;:&quot;.lqd-lp-grid.blog-id-880202099 &gt; .lqd-lp-row&quot;,&quot;items&quot;:&quot;&gt; .lqd-lp-column&quot;,&quot;trigger&quot;:&quot;click&quot;}\" class=\"elementor-button btn ws-nowrap ld-ajax-loadmore ws-nowrap \"><span class=\"static d-block\">Load more<\/span><span class=\"loading d-block pos-abs\"><span class=\"dots d-block\"><span class=\"d-inline-block\"><\/span><span class=\"d-inline-block\"><\/span><span class=\"d-inline-block\"><\/span><\/span><span class=\"d-block mt-1\">Loading<\/span><\/span><span class=\"all-loaded d-block pos-abs\">All items loaded <svg width=\"32\" height=\"29\" xmlns=\"http:\/\/www.w3.org\/2000\/svg\" viewBox=\"0 0 32 29\" style=\"width: 1.5em; height: 1.5em; margin-inline-start: 0.5em;\"><path fill=\"currentColor\" d=\"M25.74 6.23c0.38 0.34 0.42 0.9 0.09 1.28l-12.77 14.58a0.91 0.91 0 0 1-1.33 0.04l-5.46-5.46a0.91 0.91 0 1 1 1.29-1.29l4.77 4.78 12.12-13.85a0.91 0.91 0 0 1 1.29-0.08z\"><\/path><\/svg><\/span><\/a><\/nav><\/div><\/div><\/div><!--\/ .lqd-lp-grid -->\t\t\t\t<\/div>\n\t\t\t\t<\/div>\n\t\t\t\t\t<\/div>\n\t\t<\/div>\n\t\t\t\t\t<\/div>\n\t\t<\/section>\n\t\t\t\t<\/div>\n\t\t","protected":false},"excerpt":{"rendered":"<p>read Tags Blog Trabzon \u0130l Sa\u011fl\u0131k M\u00fcd\u00fcrl\u00fc\u011f\u00fcne ziyaret read Tags Blog Red Bull Neymar Jr.\u2019s Five\u2019da T\u00fcrkiye Finali read Tags Blog Uluslararas\u0131 Hasta Transferimizi Ger\u00e7ekle\u015ftirdik. read Tags Blog Trabzon Sa\u011fl\u0131k ve Spor Turizmi \u00c7al\u0131\u015ftay\u0131\u2019na kat\u0131ld\u0131k. read Tags Blog Arsin OSB ile \u00e7al\u0131\u015fanlar\u0131 ve aileleri i\u00e7in sa\u011fl\u0131k bak\u0131m anla\u015fmas\u0131 yap\u0131ld\u0131.<\/p>\n","protected":false},"author":1,"featured_media":0,"parent":0,"menu_order":0,"comment_status":"closed","ping_status":"closed","template":"","meta":{"footnotes":""},"class_list":["post-1721","page","type-page","status-publish","hentry"],"_links":{"self":[{"href":"https:\/\/trabzonarsev.com\/en\/wp-json\/wp\/v2\/pages\/1721","targetHints":{"allow":["GET"]}}],"collection":[{"href":"https:\/\/trabzonarsev.com\/en\/wp-json\/wp\/v2\/pages"}],"about":[{"href":"https:\/\/trabzonarsev.com\/en\/wp-json\/wp\/v2\/types\/page"}],"author":[{"embeddable":true,"href":"https:\/\/trabzonarsev.com\/en\/wp-json\/wp\/v2\/users\/1"}],"replies":[{"embeddable":true,"href":"https:\/\/trabzonarsev.com\/en\/wp-json\/wp\/v2\/comments?post=1721"}],"version-history":[{"count":1,"href":"https:\/\/trabzonarsev.com\/en\/wp-json\/wp\/v2\/pages\/1721\/revisions"}],"predecessor-version":[{"id":1722,"href":"https:\/\/trabzonarsev.com\/en\/wp-json\/wp\/v2\/pages\/1721\/revisions\/1722"}],"wp:attachment":[{"href":"https:\/\/trabzonarsev.com\/en\/wp-json\/wp\/v2\/media?parent=1721"}],"curies":[{"name":"wp","href":"https:\/\/api.w.org\/{rel}","templated":true}]}}