{"id":1791,"date":"2023-05-22T20:45:15","date_gmt":"2023-05-22T20:45:15","guid":{"rendered":"https:\/\/trabzonarsev.com\/health-guide\/"},"modified":"2023-06-25T18:41:40","modified_gmt":"2023-06-25T18:41:40","slug":"health-guide","status":"publish","type":"page","link":"https:\/\/trabzonarsev.com\/en\/health-guide\/","title":{"rendered":"Health Guide"},"content":{"rendered":"\t\t<div data-elementor-type=\"wp-page\" data-elementor-id=\"1791\" class=\"elementor elementor-1791 elementor-770\">\n\t\t\t\t\t\t<section class=\"elementor-section elementor-top-section elementor-element elementor-element-64988ee6 elementor-section-boxed elementor-section-height-default elementor-section-height-default\" data-id=\"64988ee6\" data-element_type=\"section\" data-e-type=\"section\" data-settings=\"{&quot;background_background&quot;:&quot;classic&quot;}\">\n\t\t\t\t\t\t<div class=\"elementor-container elementor-column-gap-default\">\n\t\t\t\t\t<div class=\"elementor-column elementor-col-100 elementor-top-column elementor-element elementor-element-50a9e339\" data-id=\"50a9e339\" data-element_type=\"column\" data-e-type=\"column\">\n\t\t\t<div class=\"elementor-widget-wrap elementor-element-populated\">\n\t\t\t\t\t\t<section class=\"elementor-section elementor-inner-section elementor-element elementor-element-3cee687e elementor-section-boxed elementor-section-height-default elementor-section-height-default\" data-id=\"3cee687e\" data-element_type=\"section\" data-e-type=\"section\">\n\t\t\t\t\t\t<div class=\"elementor-container elementor-column-gap-default\">\n\t\t\t\t\t<div class=\"elementor-column elementor-col-100 elementor-inner-column elementor-element elementor-element-6bb8dff\" data-id=\"6bb8dff\" data-element_type=\"column\" data-e-type=\"column\">\n\t\t\t<div class=\"elementor-widget-wrap\">\n\t\t\t\t\t\t\t<\/div>\n\t\t<\/div>\n\t\t\t\t\t<\/div>\n\t\t<\/section>\n\t\t\t\t<div class=\"elementor-element elementor-element-3476d173 elementor-widget elementor-widget-ld_blog\" data-id=\"3476d173\" data-element_type=\"widget\" data-e-type=\"widget\" data-widget_type=\"ld_blog.default\">\n\t\t\t\t<div class=\"elementor-widget-container\">\n\t\t\t\t\t<div class=\"lqd-lp-grid 3476d173 blog-id-880202099 \"><div class=\"lqd-lp-row row pos-rel d-flex flex-wrap\" ><div class=\"lqd-lp-column d-flex flex-column col-md-4 col-sm-6 health-guide\"><article id=\"post-1795\" class=\"lqd-lp pos-rel lqd-lp lqd-lp-style-19 lqd-lp-title-highlight text-start post-1795 post type-post status-publish format-standard has-post-thumbnail hentry category-health-guide\"><div class=\"lqd-lp-img pos-rel mb-4 overflow-hidden\">\n\t<figure class=\"pos-rel overflow-hidden\"><img fetchpriority=\"high\" decoding=\"async\" width=\"700\" height=\"450\" src=\"https:\/\/trabzonarsev.com\/wp-content\/uploads\/PHOTO-2021-09-15-14-29-00-1593x796-2-700x450.jpg\" class=\"w-100 wp-post-image\" alt=\"\" \/><\/figure>\t<footer class=\"lqd-lp-footer d-flex align-items-end justify-content-end pos-abs w-100 h-100\">\n\n\t\t<a href=\"https:\/\/trabzonarsev.com\/en\/visit-to-trabzon-provincial-health-directorate\/\" class=\"btn btn-solid border-none btn-xsm\">\n\t\t\t<span class=\"btn-txt\">read<\/span>\n\t\t\t<span class=\"btn-icon\">\n\t\t\t\t<i class=\"lqd-icn-ess icon-ion-ios-add\"><\/i>\n\t\t\t<\/span>\n\t\t<\/a>\n\n\t<\/footer>\n\n<\/div>\n\n<div class=\"lqd-lp-meta d-flex align-items-center p-0 mb-2\">\n\t\n\t<span class=\"screen-reader-text\">Tags <\/span><ul class=\"lqd-lp-cat reset-ul inline-ul pos-rel z-index-3 text-uppercase ltr-sp-1\"><li><a href=\"https:\/\/trabzonarsev.com\/en\/category\/health-guide\/\" rel=\"category\">Health Guide<\/a><\/li><\/ul>\n<\/div>\n\n<header class=\"lqd-lp-header mb-3\">\n\t<h2 class=\"lqd-lp-title h5 m-0 pos-rel z-index-2\">\n\t\t<a href=\"https:\/\/trabzonarsev.com\/en\/visit-to-trabzon-provincial-health-directorate\/\" data-split-text=\"true\" data-split-options='{\"type\": \"lines\", \"disableOnMobile\": true}'>Visit to Trabzon Provincial Health Directorate<\/a>\n\t<\/h2>\n<\/header>\n\n<a  href=\"https:\/\/trabzonarsev.com\/en\/visit-to-trabzon-provincial-health-directorate\/\" class=\"lqd-lp-overlay-link lqd-overlay lqd-cc-label-trigger z-index-2\" tab-index=\"-1\"><\/a><\/article><\/div><div class=\"lqd-lp-column d-flex flex-column col-md-4 col-sm-6 health-guide\"><article id=\"post-1796\" class=\"lqd-lp pos-rel lqd-lp lqd-lp-style-19 lqd-lp-title-highlight text-start post-1796 post type-post status-publish format-standard has-post-thumbnail hentry category-health-guide\"><div class=\"lqd-lp-img pos-rel mb-4 overflow-hidden\">\n\t<figure class=\"pos-rel overflow-hidden\"><img decoding=\"async\" width=\"700\" height=\"450\" src=\"https:\/\/trabzonarsev.com\/wp-content\/uploads\/WhatsApp-Image-2022-03-26-at-12.36.41-2048x1024-1-700x450.jpeg\" class=\"w-100 wp-post-image\" alt=\"\" \/><\/figure>\t<footer class=\"lqd-lp-footer d-flex align-items-end justify-content-end pos-abs w-100 h-100\">\n\n\t\t<a href=\"https:\/\/trabzonarsev.com\/en\/turkey-final-at-red-bull-neymar-jr-s-five\/\" class=\"btn btn-solid border-none btn-xsm\">\n\t\t\t<span class=\"btn-txt\">read<\/span>\n\t\t\t<span class=\"btn-icon\">\n\t\t\t\t<i class=\"lqd-icn-ess icon-ion-ios-add\"><\/i>\n\t\t\t<\/span>\n\t\t<\/a>\n\n\t<\/footer>\n\n<\/div>\n\n<div class=\"lqd-lp-meta d-flex align-items-center p-0 mb-2\">\n\t\n\t<span class=\"screen-reader-text\">Tags <\/span><ul class=\"lqd-lp-cat reset-ul inline-ul pos-rel z-index-3 text-uppercase ltr-sp-1\"><li><a href=\"https:\/\/trabzonarsev.com\/en\/category\/health-guide\/\" rel=\"category\">Health Guide<\/a><\/li><\/ul>\n<\/div>\n\n<header class=\"lqd-lp-header mb-3\">\n\t<h2 class=\"lqd-lp-title h5 m-0 pos-rel z-index-2\">\n\t\t<a href=\"https:\/\/trabzonarsev.com\/en\/turkey-final-at-red-bull-neymar-jr-s-five\/\" data-split-text=\"true\" data-split-options='{\"type\": \"lines\", \"disableOnMobile\": true}'>Turkey Final at Red Bull Neymar Jr.&#8217;s Five<\/a>\n\t<\/h2>\n<\/header>\n\n<a  href=\"https:\/\/trabzonarsev.com\/en\/turkey-final-at-red-bull-neymar-jr-s-five\/\" class=\"lqd-lp-overlay-link lqd-overlay lqd-cc-label-trigger z-index-2\" tab-index=\"-1\"><\/a><\/article><\/div><div class=\"lqd-lp-column d-flex flex-column col-md-4 col-sm-6 health-guide\"><article id=\"post-1797\" class=\"lqd-lp pos-rel lqd-lp lqd-lp-style-19 lqd-lp-title-highlight text-start post-1797 post type-post status-publish format-standard has-post-thumbnail hentry category-health-guide\"><div class=\"lqd-lp-img pos-rel mb-4 overflow-hidden\">\n\t<figure class=\"pos-rel overflow-hidden\"><img decoding=\"async\" width=\"700\" height=\"450\" src=\"https:\/\/trabzonarsev.com\/wp-content\/uploads\/WhatsApp-Image-2022-03-26-at-18.21.55-946x473-1-700x450.jpeg\" class=\"w-100 wp-post-image\" alt=\"\" \/><\/figure>\t<footer class=\"lqd-lp-footer d-flex align-items-end justify-content-end pos-abs w-100 h-100\">\n\n\t\t<a href=\"https:\/\/trabzonarsev.com\/en\/we-performed-our-international-patient-transfer\/\" class=\"btn btn-solid border-none btn-xsm\">\n\t\t\t<span class=\"btn-txt\">read<\/span>\n\t\t\t<span class=\"btn-icon\">\n\t\t\t\t<i class=\"lqd-icn-ess icon-ion-ios-add\"><\/i>\n\t\t\t<\/span>\n\t\t<\/a>\n\n\t<\/footer>\n\n<\/div>\n\n<div class=\"lqd-lp-meta d-flex align-items-center p-0 mb-2\">\n\t\n\t<span class=\"screen-reader-text\">Tags <\/span><ul class=\"lqd-lp-cat reset-ul inline-ul pos-rel z-index-3 text-uppercase ltr-sp-1\"><li><a href=\"https:\/\/trabzonarsev.com\/en\/category\/health-guide\/\" rel=\"category\">Health Guide<\/a><\/li><\/ul>\n<\/div>\n\n<header class=\"lqd-lp-header mb-3\">\n\t<h2 class=\"lqd-lp-title h5 m-0 pos-rel z-index-2\">\n\t\t<a href=\"https:\/\/trabzonarsev.com\/en\/we-performed-our-international-patient-transfer\/\" data-split-text=\"true\" data-split-options='{\"type\": \"lines\", \"disableOnMobile\": true}'>We Performed Our International Patient Transfer.<\/a>\n\t<\/h2>\n<\/header>\n\n<a  href=\"https:\/\/trabzonarsev.com\/en\/we-performed-our-international-patient-transfer\/\" class=\"lqd-lp-overlay-link lqd-overlay lqd-cc-label-trigger z-index-2\" tab-index=\"-1\"><\/a><\/article><\/div><div class=\"lqd-lp-column d-flex flex-column col-md-4 col-sm-6 health-guide\"><article id=\"post-1798\" class=\"lqd-lp pos-rel lqd-lp lqd-lp-style-19 lqd-lp-title-highlight text-start post-1798 post type-post status-publish format-standard has-post-thumbnail hentry category-health-guide\"><div class=\"lqd-lp-img pos-rel mb-4 overflow-hidden\">\n\t<figure class=\"pos-rel overflow-hidden\"><img loading=\"lazy\" decoding=\"async\" width=\"700\" height=\"450\" src=\"https:\/\/trabzonarsev.com\/wp-content\/uploads\/b3efc71f-90f6-4a34-a95f-dbe02027143a-1889x944-1-700x450.jpg\" class=\"w-100 wp-post-image\" alt=\"\" \/><\/figure>\t<footer class=\"lqd-lp-footer d-flex align-items-end justify-content-end pos-abs w-100 h-100\">\n\n\t\t<a href=\"https:\/\/trabzonarsev.com\/en\/we-participated-in-trabzon-health-and-sports-tourism-workshop\/\" class=\"btn btn-solid border-none btn-xsm\">\n\t\t\t<span class=\"btn-txt\">read<\/span>\n\t\t\t<span class=\"btn-icon\">\n\t\t\t\t<i class=\"lqd-icn-ess icon-ion-ios-add\"><\/i>\n\t\t\t<\/span>\n\t\t<\/a>\n\n\t<\/footer>\n\n<\/div>\n\n<div class=\"lqd-lp-meta d-flex align-items-center p-0 mb-2\">\n\t\n\t<span class=\"screen-reader-text\">Tags <\/span><ul class=\"lqd-lp-cat reset-ul inline-ul pos-rel z-index-3 text-uppercase ltr-sp-1\"><li><a href=\"https:\/\/trabzonarsev.com\/en\/category\/health-guide\/\" rel=\"category\">Health Guide<\/a><\/li><\/ul>\n<\/div>\n\n<header class=\"lqd-lp-header mb-3\">\n\t<h2 class=\"lqd-lp-title h5 m-0 pos-rel z-index-2\">\n\t\t<a href=\"https:\/\/trabzonarsev.com\/en\/we-participated-in-trabzon-health-and-sports-tourism-workshop\/\" data-split-text=\"true\" data-split-options='{\"type\": \"lines\", \"disableOnMobile\": true}'>We participated in Trabzon Health and Sports Tourism Workshop.<\/a>\n\t<\/h2>\n<\/header>\n\n<a  href=\"https:\/\/trabzonarsev.com\/en\/we-participated-in-trabzon-health-and-sports-tourism-workshop\/\" class=\"lqd-lp-overlay-link lqd-overlay lqd-cc-label-trigger z-index-2\" tab-index=\"-1\"><\/a><\/article><\/div><div class=\"lqd-lp-column d-flex flex-column col-md-4 col-sm-6 health-guide home-cancer-patient-tracking\"><article id=\"post-1799\" class=\"lqd-lp pos-rel lqd-lp lqd-lp-style-19 lqd-lp-title-highlight text-start post-1799 post type-post status-publish format-standard has-post-thumbnail hentry category-health-guide category-home-cancer-patient-tracking tag-cancer-patient-follow-up-at-home tag-cancer-treatment-at-home tag-how-to-care-for-a-cancer-patient-at-home tag-trabzon-cancer-patient-follow-up tag-what-you-need-to-know-about-treating-cancer-disease\"><div class=\"lqd-lp-img pos-rel mb-4 overflow-hidden\">\n\t<figure class=\"pos-rel overflow-hidden\"><img loading=\"lazy\" decoding=\"async\" width=\"700\" height=\"450\" src=\"https:\/\/trabzonarsev.com\/wp-content\/uploads\/ozel_arsev_evde_saglik_bakim_hizmetleri14-700x450.webp\" class=\"w-100 wp-post-image\" alt=\"\" \/><\/figure>\t<footer class=\"lqd-lp-footer d-flex align-items-end justify-content-end pos-abs w-100 h-100\">\n\n\t\t<a href=\"https:\/\/trabzonarsev.com\/en\/trabzon-home-cancer-patient-tracking\/\" class=\"btn btn-solid border-none btn-xsm\">\n\t\t\t<span class=\"btn-txt\">read<\/span>\n\t\t\t<span class=\"btn-icon\">\n\t\t\t\t<i class=\"lqd-icn-ess icon-ion-ios-add\"><\/i>\n\t\t\t<\/span>\n\t\t<\/a>\n\n\t<\/footer>\n\n<\/div>\n\n<div class=\"lqd-lp-meta d-flex align-items-center p-0 mb-2\">\n\t\n\t<span class=\"screen-reader-text\">Tags <\/span><ul class=\"lqd-lp-cat reset-ul inline-ul pos-rel z-index-3 text-uppercase ltr-sp-1\"><li><a href=\"https:\/\/trabzonarsev.com\/en\/category\/health-guide\/\" rel=\"category\">Health Guide<\/a><\/li><\/ul>\n<\/div>\n\n<header class=\"lqd-lp-header mb-3\">\n\t<h2 class=\"lqd-lp-title h5 m-0 pos-rel z-index-2\">\n\t\t<a href=\"https:\/\/trabzonarsev.com\/en\/trabzon-home-cancer-patient-tracking\/\" data-split-text=\"true\" data-split-options='{\"type\": \"lines\", \"disableOnMobile\": true}'>Trabzon Home Cancer Patient Tracking<\/a>\n\t<\/h2>\n<\/header>\n\n<a  href=\"https:\/\/trabzonarsev.com\/en\/trabzon-home-cancer-patient-tracking\/\" class=\"lqd-lp-overlay-link lqd-overlay lqd-cc-label-trigger z-index-2\" tab-index=\"-1\"><\/a><\/article><\/div><div class=\"lqd-lp-column d-flex flex-column col-md-4 col-sm-6 health-guide\"><article id=\"post-1800\" class=\"lqd-lp pos-rel lqd-lp lqd-lp-style-19 lqd-lp-title-highlight text-start post-1800 post type-post status-publish format-standard has-post-thumbnail hentry category-health-guide tag-glutathione-serum tag-glutathione-serum-treatment-at-home tag-what-is-glutathione\"><div class=\"lqd-lp-img pos-rel mb-4 overflow-hidden\">\n\t<figure class=\"pos-rel overflow-hidden\"><img loading=\"lazy\" decoding=\"async\" width=\"700\" height=\"450\" src=\"https:\/\/trabzonarsev.com\/wp-content\/uploads\/evde_glutatyon_serum-700x450.png\" class=\"w-100 wp-post-image\" alt=\"\" \/><\/figure>\t<footer class=\"lqd-lp-footer d-flex align-items-end justify-content-end pos-abs w-100 h-100\">\n\n\t\t<a href=\"https:\/\/trabzonarsev.com\/en\/glutathione-serum-treatment-at-home\/\" class=\"btn btn-solid border-none btn-xsm\">\n\t\t\t<span class=\"btn-txt\">read<\/span>\n\t\t\t<span class=\"btn-icon\">\n\t\t\t\t<i class=\"lqd-icn-ess icon-ion-ios-add\"><\/i>\n\t\t\t<\/span>\n\t\t<\/a>\n\n\t<\/footer>\n\n<\/div>\n\n<div class=\"lqd-lp-meta d-flex align-items-center p-0 mb-2\">\n\t\n\t<span class=\"screen-reader-text\">Tags <\/span><ul class=\"lqd-lp-cat reset-ul inline-ul pos-rel z-index-3 text-uppercase ltr-sp-1\"><li><a href=\"https:\/\/trabzonarsev.com\/en\/category\/health-guide\/\" rel=\"category\">Health Guide<\/a><\/li><\/ul>\n<\/div>\n\n<header class=\"lqd-lp-header mb-3\">\n\t<h2 class=\"lqd-lp-title h5 m-0 pos-rel z-index-2\">\n\t\t<a href=\"https:\/\/trabzonarsev.com\/en\/glutathione-serum-treatment-at-home\/\" data-split-text=\"true\" data-split-options='{\"type\": \"lines\", \"disableOnMobile\": true}'>Glutathione Serum Treatment at Home<\/a>\n\t<\/h2>\n<\/header>\n\n<a  href=\"https:\/\/trabzonarsev.com\/en\/glutathione-serum-treatment-at-home\/\" class=\"lqd-lp-overlay-link lqd-overlay lqd-cc-label-trigger z-index-2\" tab-index=\"-1\"><\/a><\/article><\/div><\/div><!--\/ .row --><div class=\"liquid-pf-nav ld-pf-nav-ajax\"><div class=\"page-nav text-center\"><nav aria-label=\"Page navigation\"><a href=\"https:\/\/trabzonarsev.com\/en\/wp-json\/wp\/v2\/pages\/1791\/page\/2\/?ajaxify=1\" rel=\"nofollow\" data-ajaxify=\"true\" data-ajaxify-options=\"{&quot;wrapper&quot;:&quot;.lqd-lp-grid.blog-id-880202099 &gt; .lqd-lp-row&quot;,&quot;items&quot;:&quot;&gt; .lqd-lp-column&quot;,&quot;trigger&quot;:&quot;click&quot;}\" class=\"elementor-button btn ws-nowrap ld-ajax-loadmore ws-nowrap \"><span class=\"static d-block\">Load more<\/span><span class=\"loading d-block pos-abs\"><span class=\"dots d-block\"><span class=\"d-inline-block\"><\/span><span class=\"d-inline-block\"><\/span><span class=\"d-inline-block\"><\/span><\/span><span class=\"d-block mt-1\">Loading<\/span><\/span><span class=\"all-loaded d-block pos-abs\">All items loaded <svg width=\"32\" height=\"29\" xmlns=\"http:\/\/www.w3.org\/2000\/svg\" viewBox=\"0 0 32 29\" style=\"width: 1.5em; height: 1.5em; margin-inline-start: 0.5em;\"><path fill=\"currentColor\" d=\"M25.74 6.23c0.38 0.34 0.42 0.9 0.09 1.28l-12.77 14.58a0.91 0.91 0 0 1-1.33 0.04l-5.46-5.46a0.91 0.91 0 1 1 1.29-1.29l4.77 4.78 12.12-13.85a0.91 0.91 0 0 1 1.29-0.08z\"><\/path><\/svg><\/span><\/a><\/nav><\/div><\/div><\/div><!--\/ .lqd-lp-grid -->\t\t\t\t<\/div>\n\t\t\t\t<\/div>\n\t\t\t\t\t<\/div>\n\t\t<\/div>\n\t\t\t\t\t<\/div>\n\t\t<\/section>\n\t\t\t\t<\/div>\n\t\t","protected":false},"excerpt":{"rendered":"<p>read Tags Blog Trabzon \u0130l Sa\u011fl\u0131k M\u00fcd\u00fcrl\u00fc\u011f\u00fcne ziyaret read Tags Blog Red Bull Neymar Jr.\u2019s Five\u2019da T\u00fcrkiye Finali read Tags Blog Uluslararas\u0131 Hasta Transferimizi Ger\u00e7ekle\u015ftirdik. read Tags Blog Trabzon Sa\u011fl\u0131k ve Spor Turizmi \u00c7al\u0131\u015ftay\u0131\u2019na kat\u0131ld\u0131k. read Tags Evde Kanser Hastas\u0131 Takibi Trabzon Evde Kanser Hastas\u0131 Takibi read Tags Evde Glutatyon Serum Tedavisi Evde Glutatyon Serum [&hellip;]<\/p>\n","protected":false},"author":1,"featured_media":0,"parent":0,"menu_order":0,"comment_status":"closed","ping_status":"closed","template":"","meta":{"footnotes":""},"class_list":["post-1791","page","type-page","status-publish","hentry"],"_links":{"self":[{"href":"https:\/\/trabzonarsev.com\/en\/wp-json\/wp\/v2\/pages\/1791","targetHints":{"allow":["GET"]}}],"collection":[{"href":"https:\/\/trabzonarsev.com\/en\/wp-json\/wp\/v2\/pages"}],"about":[{"href":"https:\/\/trabzonarsev.com\/en\/wp-json\/wp\/v2\/types\/page"}],"author":[{"embeddable":true,"href":"https:\/\/trabzonarsev.com\/en\/wp-json\/wp\/v2\/users\/1"}],"replies":[{"embeddable":true,"href":"https:\/\/trabzonarsev.com\/en\/wp-json\/wp\/v2\/comments?post=1791"}],"version-history":[{"count":1,"href":"https:\/\/trabzonarsev.com\/en\/wp-json\/wp\/v2\/pages\/1791\/revisions"}],"predecessor-version":[{"id":1792,"href":"https:\/\/trabzonarsev.com\/en\/wp-json\/wp\/v2\/pages\/1791\/revisions\/1792"}],"wp:attachment":[{"href":"https:\/\/trabzonarsev.com\/en\/wp-json\/wp\/v2\/media?parent=1791"}],"curies":[{"name":"wp","href":"https:\/\/api.w.org\/{rel}","templated":true}]}}